{"id":11,"date":"2025-08-10T17:30:08","date_gmt":"2025-08-10T15:30:08","guid":{"rendered":"http:\/\/djkev.de\/?page_id=11"},"modified":"2025-09-27T14:20:51","modified_gmt":"2025-09-27T12:20:51","slug":"start","status":"publish","type":"page","link":"https:\/\/djkev.de\/","title":{"rendered":""},"content":{"rendered":"\n<p><\/p>\n\n\n\n<div id=\"post-51\">\n<div>\n<p><em><strong>Update-Info vom 25.09.2025:<\/strong><\/em> <br>Ich \u00fcberarbeite aktuell meine Homepage, ab 01.10.25 wird es hier einige Neuerungen geben.\n<br>\u00dcber das Men\u00fc k\u00f6nnt ihr alle Seiten aufrufen, auch das <a href=\"http:\/\/djkev.de\/wp-content\/uploads\/2023\/10\/?p=58\">Kontaktformular<\/a>.<br>Ansonsten meldet euch gerne per <a href=\"http:\/\/djkev.de\/wp-content\/uploads\/2023\/10\/491733537312\">whatsapp<\/a> oder Anruf am Handy (+491733537312).<br> oder nat\u00fcrlich per E-Mail <a href=\"mailto:kevin@djkev.de\">kevin@djkev.de<\/a><br>Sorry f\u00fcr die Unannehmlichkeiten, ich arbeite schon an einer L\u00f6sung \ud83d\ude42<br>Viele Gr\u00fc\u00dfe, Kevin <br><\/p>\n<p> ~~~~~~~~~~~~~~~~~~~~ <\/p>\n<br>Sie planen eine <a title=\"Hochzeit\" href=\"http:\/\/djkev.de\/discjockey\/hochzeit\/\"><strong>Hochzeit<\/strong><\/a>, <strong>Firmenfeier<\/strong>, <strong>Afterwork-Party<\/strong>, <a title=\"Zeltfest | Hallenparty | Beachparty\" href=\"http:\/\/djkev.de\/discjockey\/zeltfest-hallenparty-beachparty\/\"><strong>Hallenfete<\/strong><\/a> oder einen <a title=\"Geburtstag\" href=\"http:\/\/djkev.de\/discjockey\/geburtstag\/\"><strong>Geburtstag<\/strong><\/a>?<br>Sie suchen einen erfahrenen DJ mit Stil, Qualit\u00e4t und zu bezahlbaren Preisen? Sie sind auf meiner Seite genau richtig. Schauen Sie sich um, ich hoffe f\u00fcr jede Frage ausreichend Informationen bieten zu k\u00f6nnen. F\u00fcr weitere Fragen stehe ich nat\u00fcrlich gerne zur Verf\u00fcgung.<\/div>\n<div>Viel Spa\u00df auf meinen Seiten,<\/div>\n<div>Ihr DJ Kevin Reinsdorf<\/div>\n<div>&nbsp;<\/div>\n<div>\u2026:|party.on|:\u2026<\/div>\n<div>\n<p>~~~~~~~~~~~~~~~~~~~~~~~~~~~~~~~~~~~~~~~~~~~~~~~~~<\/p>\n<p>Sie feiern Ihre Party in Augsburg, M\u00fcnchen, Rosenheim, Straubing, Ulm, Starnberg, Stegen, am Ammersee, am Starnbergersee, am Schliersee, am W\u00f6rthsee, am Chiemsee, am Lech, an der Isar, in Landsberg, in Schongau, in Weilheim, in Donauw\u00f6rth, in Murnau, in Garmisch, in N\u00fcrnberg, Krumbach, Thannhausen,&nbsp;Illertissen, Mindelheim, G\u00fcnzburg, Aichach, Dachau, FFB, Ratzenhofen, Friedberg&nbsp;oder sonst irgendwo in Bayern, Baden-W\u00fcrttemberg oder dem Rest von Deutschland?<\/p>\n<p>Sie wollen keinen DJ aus einem DJ-Pool, den Sie nicht kennen?<\/p>\n<p>Der DJ auf der letzten <a title=\"Hochzeit\" href=\"http:\/\/djkev.de\/hochzeit\/\">Hochzeit<\/a> oder Afterwork-Party war nicht so besonders, also diesmal lieber eine Band oder einen Pool-DJ?<br>Sehen Sie sich <a title=\"Hochzeit\" href=\"http:\/\/djkev.de\/hochzeit\/\">hier<\/a> oder <a title=\"Discjockey\" href=\"http:\/\/djkev.de\/discjockey\/\">dort<\/a> oder <a title=\"Galerie\" href=\"http:\/\/djkev.de\/galerie\/\">bei den Bildern<\/a> um, ich helfe Ihnen bei der Entscheidung, wenn Sie m\u00f6chten.<\/p>\n<\/div>\n<\/div>\n","protected":false},"excerpt":{"rendered":"<p>Update-Info vom 25.09.2025: Ich \u00fcberarbeite aktuell meine Homepage, ab 01.10.25 wird es hier einige Neuerungen geben. \u00dcber das Men\u00fc k\u00f6nnt ihr alle Seiten aufrufen, auch das Kontaktformular.Ansonsten meldet euch gerne per whatsapp oder Anruf am Handy (+491733537312). oder nat\u00fcrlich per E-Mail kevin@djkev.deSorry f\u00fcr die Unannehmlichkeiten, ich arbeite schon an einer L\u00f6sung \ud83d\ude42Viele Gr\u00fc\u00dfe, Kevin ~~~~~~~~~~~~~~~~~~~~ &hellip; <a href=\"https:\/\/djkev.de\/\" class=\"more-link\"><span class=\"screen-reader-text\"><\/span> weiterlesen <span class=\"meta-nav\">&rarr;<\/span><\/a><\/p>\n","protected":false},"author":2,"featured_media":488,"parent":0,"menu_order":0,"comment_status":"closed","ping_status":"closed","template":"","meta":{"jetpack_post_was_ever_published":false,"footnotes":""},"class_list":["post-11","page","type-page","status-publish","has-post-thumbnail","hentry"],"yoast_head":"<!-- This site is optimized with the Yoast SEO plugin v26.0 - https:\/\/yoast.com\/wordpress\/plugins\/seo\/ -->\n<title>Ihr professioneller Hochzeits DJ im Raum Augsburg<\/title>\n<meta name=\"description\" content=\"Sie suchen einen Hochzeits DJ f\u00fcr Augsburg, M\u00fcnchen und Umgebung?\" \/>\n<meta name=\"robots\" content=\"index, follow, max-snippet:-1, max-image-preview:large, max-video-preview:-1\" \/>\n<link rel=\"canonical\" href=\"https:\/\/djkev.de\/\" \/>\n<meta property=\"og:locale\" content=\"de_DE\" \/>\n<meta property=\"og:type\" content=\"article\" \/>\n<meta property=\"og:title\" content=\"Ihr professioneller Hochzeits DJ im Raum Augsburg\" \/>\n<meta property=\"og:description\" content=\"Sie suchen einen Hochzeits DJ f\u00fcr Augsburg, M\u00fcnchen und Umgebung?\" \/>\n<meta property=\"og:url\" content=\"https:\/\/djkev.de\/\" \/>\n<meta property=\"og:site_name\" content=\"DJ Kevin Reinsdorf\" \/>\n<meta property=\"article:modified_time\" content=\"2025-09-27T12:20:51+00:00\" \/>\n<meta property=\"og:image\" content=\"http:\/\/djkev.de\/wp-content\/uploads\/2017\/09\/Kevin_03.09.17_13.jpg\" \/>\n\t<meta property=\"og:image:width\" content=\"1024\" \/>\n\t<meta property=\"og:image:height\" content=\"681\" \/>\n\t<meta property=\"og:image:type\" content=\"image\/jpeg\" \/>\n<meta name=\"twitter:card\" content=\"summary_large_image\" \/>\n<meta name=\"twitter:label1\" content=\"Gesch\u00e4tzte Lesezeit\" \/>\n\t<meta name=\"twitter:data1\" content=\"2\u00a0Minuten\" \/>\n<script type=\"application\/ld+json\" class=\"yoast-schema-graph\">{\"@context\":\"https:\/\/schema.org\",\"@graph\":[{\"@type\":\"WebPage\",\"@id\":\"https:\/\/djkev.de\/\",\"url\":\"https:\/\/djkev.de\/\",\"name\":\"Ihr professioneller Hochzeits DJ im Raum Augsburg\",\"isPartOf\":{\"@id\":\"https:\/\/djkev.de\/#website\"},\"primaryImageOfPage\":{\"@id\":\"https:\/\/djkev.de\/#primaryimage\"},\"image\":{\"@id\":\"https:\/\/djkev.de\/#primaryimage\"},\"thumbnailUrl\":\"https:\/\/i0.wp.com\/djkev.de\/wp-content\/uploads\/2017\/09\/Kevin_03.09.17_13.jpg?fit=1024%2C681&ssl=1\",\"datePublished\":\"2025-08-10T15:30:08+00:00\",\"dateModified\":\"2025-09-27T12:20:51+00:00\",\"description\":\"Sie suchen einen Hochzeits DJ f\u00fcr Augsburg, M\u00fcnchen und Umgebung?\",\"inLanguage\":\"de\",\"potentialAction\":[{\"@type\":\"ReadAction\",\"target\":[\"https:\/\/djkev.de\/\"]}]},{\"@type\":\"ImageObject\",\"inLanguage\":\"de\",\"@id\":\"https:\/\/djkev.de\/#primaryimage\",\"url\":\"https:\/\/i0.wp.com\/djkev.de\/wp-content\/uploads\/2017\/09\/Kevin_03.09.17_13.jpg?fit=1024%2C681&ssl=1\",\"contentUrl\":\"https:\/\/i0.wp.com\/djkev.de\/wp-content\/uploads\/2017\/09\/Kevin_03.09.17_13.jpg?fit=1024%2C681&ssl=1\",\"width\":1024,\"height\":681,\"caption\":\"DJ Kevin Reinsdorf\"},{\"@type\":\"WebSite\",\"@id\":\"https:\/\/djkev.de\/#website\",\"url\":\"https:\/\/djkev.de\/\",\"name\":\"DJ Kevin Reinsdorf\",\"description\":\"| DJ Consulting | Hochzeits-DJ | Eventmanagement | Teambuilding\",\"potentialAction\":[{\"@type\":\"SearchAction\",\"target\":{\"@type\":\"EntryPoint\",\"urlTemplate\":\"https:\/\/djkev.de\/?s={search_term_string}\"},\"query-input\":{\"@type\":\"PropertyValueSpecification\",\"valueRequired\":true,\"valueName\":\"search_term_string\"}}],\"inLanguage\":\"de\"}]}<\/script>\n<!-- \/ Yoast SEO plugin. -->","yoast_head_json":{"title":"Ihr professioneller Hochzeits DJ im Raum Augsburg","description":"Sie suchen einen Hochzeits DJ f\u00fcr Augsburg, M\u00fcnchen und Umgebung?","robots":{"index":"index","follow":"follow","max-snippet":"max-snippet:-1","max-image-preview":"max-image-preview:large","max-video-preview":"max-video-preview:-1"},"canonical":"https:\/\/djkev.de\/","og_locale":"de_DE","og_type":"article","og_title":"Ihr professioneller Hochzeits DJ im Raum Augsburg","og_description":"Sie suchen einen Hochzeits DJ f\u00fcr Augsburg, M\u00fcnchen und Umgebung?","og_url":"https:\/\/djkev.de\/","og_site_name":"DJ Kevin Reinsdorf","article_modified_time":"2025-09-27T12:20:51+00:00","og_image":[{"width":1024,"height":681,"url":"http:\/\/djkev.de\/wp-content\/uploads\/2017\/09\/Kevin_03.09.17_13.jpg","type":"image\/jpeg"}],"twitter_card":"summary_large_image","twitter_misc":{"Gesch\u00e4tzte Lesezeit":"2\u00a0Minuten"},"schema":{"@context":"https:\/\/schema.org","@graph":[{"@type":"WebPage","@id":"https:\/\/djkev.de\/","url":"https:\/\/djkev.de\/","name":"Ihr professioneller Hochzeits DJ im Raum Augsburg","isPartOf":{"@id":"https:\/\/djkev.de\/#website"},"primaryImageOfPage":{"@id":"https:\/\/djkev.de\/#primaryimage"},"image":{"@id":"https:\/\/djkev.de\/#primaryimage"},"thumbnailUrl":"https:\/\/i0.wp.com\/djkev.de\/wp-content\/uploads\/2017\/09\/Kevin_03.09.17_13.jpg?fit=1024%2C681&ssl=1","datePublished":"2025-08-10T15:30:08+00:00","dateModified":"2025-09-27T12:20:51+00:00","description":"Sie suchen einen Hochzeits DJ f\u00fcr Augsburg, M\u00fcnchen und Umgebung?","inLanguage":"de","potentialAction":[{"@type":"ReadAction","target":["https:\/\/djkev.de\/"]}]},{"@type":"ImageObject","inLanguage":"de","@id":"https:\/\/djkev.de\/#primaryimage","url":"https:\/\/i0.wp.com\/djkev.de\/wp-content\/uploads\/2017\/09\/Kevin_03.09.17_13.jpg?fit=1024%2C681&ssl=1","contentUrl":"https:\/\/i0.wp.com\/djkev.de\/wp-content\/uploads\/2017\/09\/Kevin_03.09.17_13.jpg?fit=1024%2C681&ssl=1","width":1024,"height":681,"caption":"DJ Kevin Reinsdorf"},{"@type":"WebSite","@id":"https:\/\/djkev.de\/#website","url":"https:\/\/djkev.de\/","name":"DJ Kevin Reinsdorf","description":"| DJ Consulting | Hochzeits-DJ | Eventmanagement | Teambuilding","potentialAction":[{"@type":"SearchAction","target":{"@type":"EntryPoint","urlTemplate":"https:\/\/djkev.de\/?s={search_term_string}"},"query-input":{"@type":"PropertyValueSpecification","valueRequired":true,"valueName":"search_term_string"}}],"inLanguage":"de"}]}},"jetpack_shortlink":"https:\/\/wp.me\/P4t6MY-b","jetpack_sharing_enabled":true,"jetpack_likes_enabled":false,"_links":{"self":[{"href":"https:\/\/djkev.de\/index.php?rest_route=\/wp\/v2\/pages\/11","targetHints":{"allow":["GET"]}}],"collection":[{"href":"https:\/\/djkev.de\/index.php?rest_route=\/wp\/v2\/pages"}],"about":[{"href":"https:\/\/djkev.de\/index.php?rest_route=\/wp\/v2\/types\/page"}],"author":[{"embeddable":true,"href":"https:\/\/djkev.de\/index.php?rest_route=\/wp\/v2\/users\/2"}],"replies":[{"embeddable":true,"href":"https:\/\/djkev.de\/index.php?rest_route=%2Fwp%2Fv2%2Fcomments&post=11"}],"version-history":[{"count":32,"href":"https:\/\/djkev.de\/index.php?rest_route=\/wp\/v2\/pages\/11\/revisions"}],"predecessor-version":[{"id":1076,"href":"https:\/\/djkev.de\/index.php?rest_route=\/wp\/v2\/pages\/11\/revisions\/1076"}],"wp:featuredmedia":[{"embeddable":true,"href":"https:\/\/djkev.de\/index.php?rest_route=\/wp\/v2\/media\/488"}],"wp:attachment":[{"href":"https:\/\/djkev.de\/index.php?rest_route=%2Fwp%2Fv2%2Fmedia&parent=11"}],"curies":[{"name":"wp","href":"https:\/\/api.w.org\/{rel}","templated":true}]}}